{"id":2,"date":"2010-07-06T10:23:24","date_gmt":"2010-07-06T10:23:24","guid":{"rendered":"http:\/\/b-logos.de\/?page_id=2"},"modified":"2018-05-24T01:09:09","modified_gmt":"2018-05-24T01:09:09","slug":"about","status":"publish","type":"page","link":"https:\/\/b-logos.de\/?page_id=2","title":{"rendered":"\u00dcber dieses Blog"},"content":{"rendered":"<h1>Titel<\/h1>\n<p>Das Kunstwort <em>Blog<\/em> entstand als Abk\u00fcrzung aus <em>Weblog<\/em>. <em>Web<\/em> steht f\u00fcr das Internet und <em>Log<\/em> f\u00fcr <a href=\"..\/?page_id=10\">Logbuch<\/a>, also Tagebuch oder Protokoll. Ein Blog ist also so etwas wie ein Internet-Tagebuch.<\/p>\n<p>F\u00fcr den Christen erinnert die Silbe <em>log<\/em> an das griechische Wort <em>logos<\/em>, unter welchem im Neuen Testament das menschgewordene <em>Wort Gottes<\/em>, Jesus Christus, verstanden wird.<\/p>\n<p><strong><em><span style=\"text-decoration: line-through;\">We<\/span>b-logos<\/em> bedeutet so viel wie <em>Christus im Internet<\/em>.<\/strong><\/p>\n<p>Eine \u00e4hnliche Namensgebung mit \u00e4hnlicher Begr\u00fcndung fand sich bei dem nicht mehr existenten englischsprachigen Blog <em>B<\/em><em>log<\/em><em>os<\/em>. Unser Titel ist aber unabh\u00e4ngig von jener Seite entstanden. Dank anderer Schreibweise (mit Bindestrich) und unterschiedlicher Sprache hoffe ich, dass die Namens\u00e4hnlichkeit zu verkraften ist.<\/p>\n<h1>Titelbild<\/h1>\n<p>Das Titelbild zeigt eine Aufnahme des <a href=\"https:\/\/de.wikipedia.org\/wiki\/Apostolischer_Palast\">Palazzo Apostolico<\/a>, als er noch nicht verwaist war und in der Dunkelheit ein tr\u00f6stliches Licht aus den p\u00e4pstlichen Gem\u00e4chern \u00fcber den Petersplatz strahlte.\u00a0 Als 2011 diese Kombination aus Bild und Bild\u00fcberschrift entstand, war noch nicht abzusehen, welch zun\u00e4chst noch verborgene Aussage sie in den folgenden Jahren entfalten sollte.<\/p>\n<h1>Ansto\u00df<\/h1>\n<p>Dieses Blog wurde zu Ostern 2011 begonnen. Den Ansto\u00df gab die damalige Einladung des P\u00e4pstlichen Rates f\u00fcr die sozialen Kommunikationsmittel und des P\u00e4pstlichen Rates f\u00fcr die Kultur zu einem Bloggertreffen. Diese Einladung machte einmal mehr deutlich, wie wichtig es ist, dass sich Katholiken im Internet zu Wort melden. Ich bewarb mich zu jenem ersten und einzigen vatikanischen Bloggertreffen und geh\u00f6rte dann tats\u00e4chlich zu jenen ausgelosten Bloggern, die teilnehmen durften. Jene Veranstaltung war zwar leider eine Frontalveranstaltung mit Einbahnkommunikation, doch durch den Kontakt mit anderen Bloggern wurde ich entsch\u00e4digt.<\/p>\n<h1>Der Blogger<\/h1>\n<h2>Damian<\/h2>\n<p>Ich begann zu bloggen, nachdem ich die katholische Blogosph\u00e4re, auch <a title=\"KP: Blogozese\" href=\"http:\/\/www.kathpedia.com\/index.php?title=Blogozese\">Blogozese<\/a> genannt, als <a title=\"WP: Peergroup\" href=\"http:\/\/de.wikipedia.org\/wiki\/Peergroup#Interessengruppe\">Peergroup<\/a> sch\u00e4tzen gelernt hatte. Besonderen Dank f\u00fcr die Inspiration durch <a title=\"Elsas Nacht(b)revier\" href=\"http:\/\/elsalaska.twoday.net\/\">Elsa<\/a>.<\/p>\n<p>Mein Benutzername soll an den <a title=\"http:\/\/www.heiligenlexikon.de\/BiographienD\/Damian_de_Veuster.html\" href=\"http:\/\/www.heiligenlexikon.de\/BiographienD\/Damian_de_Veuster.html\">Hl. Damian de Veuster<\/a> erinnern. Die Anregung dazu gab der <a title=\"Saint' Name Generator\" href=\"http:\/\/jenniferfulwiler.com\/saints\/\">Heiligennamengenerator<\/a>.<\/p>\n<h1>Kritik<\/h1>\n<p>Kritik zu dieser Seite gerne an <img loading=\"lazy\" decoding=\"async\" class=\"alignnone size-full wp-image-1780\" src=\"https:\/\/b-logos.de\/wp-content\/uploads\/2018\/05\/Foto-Email-Adresse-damian.png\" alt=\"\" width=\"167\" height=\"25\" \/>.<\/p>\n","protected":false},"excerpt":{"rendered":"<p>Titel Das Kunstwort Blog entstand als Abk\u00fcrzung aus Weblog. Web steht f\u00fcr das Internet und Log f\u00fcr Logbuch, also Tagebuch oder Protokoll. Ein Blog ist also so etwas wie ein Internet-Tagebuch. F\u00fcr den Christen erinnert die Silbe log an das griechische Wort logos, unter welchem im Neuen Testament das menschgewordene Wort Gottes, Jesus Christus, verstanden &hellip; <a href=\"https:\/\/b-logos.de\/?page_id=2\" class=\"more-link\"><span class=\"screen-reader-text\">\u201e\u00dcber dieses Blog\u201c<\/span> weiterlesen<\/a><\/p>\n","protected":false},"author":1,"featured_media":0,"parent":0,"menu_order":0,"comment_status":"open","ping_status":"open","template":"","meta":{"jetpack_post_was_ever_published":false,"footnotes":""},"class_list":["post-2","page","type-page","status-publish","hentry"],"jetpack_sharing_enabled":true,"jetpack_shortlink":"https:\/\/wp.me\/PahMNU-2","_links":{"self":[{"href":"https:\/\/b-logos.de\/index.php?rest_route=\/wp\/v2\/pages\/2","targetHints":{"allow":["GET"]}}],"collection":[{"href":"https:\/\/b-logos.de\/index.php?rest_route=\/wp\/v2\/pages"}],"about":[{"href":"https:\/\/b-logos.de\/index.php?rest_route=\/wp\/v2\/types\/page"}],"author":[{"embeddable":true,"href":"https:\/\/b-logos.de\/index.php?rest_route=\/wp\/v2\/users\/1"}],"replies":[{"embeddable":true,"href":"https:\/\/b-logos.de\/index.php?rest_route=%2Fwp%2Fv2%2Fcomments&post=2"}],"version-history":[{"count":14,"href":"https:\/\/b-logos.de\/index.php?rest_route=\/wp\/v2\/pages\/2\/revisions"}],"predecessor-version":[{"id":1920,"href":"https:\/\/b-logos.de\/index.php?rest_route=\/wp\/v2\/pages\/2\/revisions\/1920"}],"wp:attachment":[{"href":"https:\/\/b-logos.de\/index.php?rest_route=%2Fwp%2Fv2%2Fmedia&parent=2"}],"curies":[{"name":"wp","href":"https:\/\/api.w.org\/{rel}","templated":true}]}}