{"id":24,"date":"2011-04-25T13:48:41","date_gmt":"2011-04-25T11:48:41","guid":{"rendered":"http:\/\/b-logos.de\/?page_id=24"},"modified":"2022-10-03T12:18:20","modified_gmt":"2022-10-03T12:18:20","slug":"wort-2","status":"publish","type":"page","link":"https:\/\/b-logos.de\/?page_id=24","title":{"rendered":"Wort"},"content":{"rendered":"<blockquote><p>Im Anfang war das Wort, und das Wort war bei Gott, und das Wort war Gott. Im Anfang war es bei Gott. Alles ist durch das Wort geworden und ohne das Wort wurde nichts, was geworden ist. In ihm war das Leben und das Leben war das Licht der Menschen. Und das Licht leuchtet in der Finsternis und die Finsternis hat es nicht erfasst. &#8230; (Joh 1,1 ff.)<\/p>\n<div>\n<dl id=\"attachment_173\">\n<dd>Verborgenes enth\u00fcllt er aus dem Dunkel, Finsternis f\u00fchrt er ans Licht. (Hi 12,22)<\/dd>\n<\/dl>\n<\/div>\n<\/blockquote>\n<p>Wort? Welches Wort eigentlich? Im griechischen Urtext ist von <em>logos<\/em> die Rede. Was aber ist mit <em>logos<\/em> gemeint? Die deutsche \u00dcbersetzung lautet zwar auch Wort, aber ebenso Rede, Sinn, geistiges Verm\u00f6gen, Vernunft, Lehre, etc. Dies ist eine au\u00dferordentlich weite Palette dessen, was alles dieses Blog inspiriert haben k\u00f6nnte. Im Prolog des Johannesevangeliums ist von <em>Wort<\/em> in Beziehung auf Gott die Rede. Welcher Schluss l\u00e4ge also n\u00e4her, als <em>Wort Gottes<\/em> zu sagen? Aber Johannes geht noch weiter. Nach den ersten zwei Teils\u00e4tzen n\u00e4mlich wird Gott geradezu mit dem Logos identifiziert (&#8230;<em>und das Wort war Gott.<\/em>). Was folgt daraus? In den meisten anderen Religionen ist von einem Mythos, dem Gegenteil des Logos, die Rede, wie zum Beispiel in den griechischen und r\u00f6mischen Sagen. Mythos bedeutet ebenfalls Wort und Rede, aber auch sagenhafte Erz\u00e4hlung und ist mit dem deutschen Wort M\u00e4rchen verwand. Wenn Gott bewusst nicht Mythos, sondern Logos genannt wird, dann m\u00f6chte der Autor damit klar machen, dass sein Evangelium keine M\u00e4rchen und Sagen wiedergibt, sondern eine Handlung, die in Wirklichkeit geschehen ist, und dass er mit einer felsenfesten \u00dcberzeugung daran glaubt, dass Gott Logos, das Gegenteil des Mythos, also Tatsache ist.<\/p>\n","protected":false},"excerpt":{"rendered":"<p>Im Anfang war das Wort, und das Wort war bei Gott, und das Wort war Gott. Im Anfang war es bei Gott. Alles ist durch das Wort geworden und ohne das Wort wurde nichts, was geworden ist. In ihm war das Leben und das Leben war das Licht der Menschen. Und das Licht leuchtet in &hellip; <a href=\"https:\/\/b-logos.de\/?page_id=24\" class=\"more-link\"><span class=\"screen-reader-text\">\u201eWort\u201c<\/span> weiterlesen<\/a><\/p>\n","protected":false},"author":1,"featured_media":0,"parent":0,"menu_order":0,"comment_status":"closed","ping_status":"open","template":"","meta":{"jetpack_post_was_ever_published":false,"footnotes":""},"class_list":["post-24","page","type-page","status-publish","hentry"],"jetpack_sharing_enabled":true,"jetpack_shortlink":"https:\/\/wp.me\/PahMNU-o","_links":{"self":[{"href":"https:\/\/b-logos.de\/index.php?rest_route=\/wp\/v2\/pages\/24","targetHints":{"allow":["GET"]}}],"collection":[{"href":"https:\/\/b-logos.de\/index.php?rest_route=\/wp\/v2\/pages"}],"about":[{"href":"https:\/\/b-logos.de\/index.php?rest_route=\/wp\/v2\/types\/page"}],"author":[{"embeddable":true,"href":"https:\/\/b-logos.de\/index.php?rest_route=\/wp\/v2\/users\/1"}],"replies":[{"embeddable":true,"href":"https:\/\/b-logos.de\/index.php?rest_route=%2Fwp%2Fv2%2Fcomments&post=24"}],"version-history":[{"count":11,"href":"https:\/\/b-logos.de\/index.php?rest_route=\/wp\/v2\/pages\/24\/revisions"}],"predecessor-version":[{"id":1923,"href":"https:\/\/b-logos.de\/index.php?rest_route=\/wp\/v2\/pages\/24\/revisions\/1923"}],"wp:attachment":[{"href":"https:\/\/b-logos.de\/index.php?rest_route=%2Fwp%2Fv2%2Fmedia&parent=24"}],"curies":[{"name":"wp","href":"https:\/\/api.w.org\/{rel}","templated":true}]}}